{"id":964,"date":"2025-01-09T02:00:25","date_gmt":"2025-01-09T01:00:25","guid":{"rendered":"https:\/\/safari-lowtech-innovation.de\/?page_id=964"},"modified":"2025-01-10T12:37:55","modified_gmt":"2025-01-10T11:37:55","slug":"hintergruende-2","status":"publish","type":"page","link":"https:\/\/safari-lowtech-innovation.de\/?page_id=964","title":{"rendered":"Hintergr\u00fcnde"},"content":{"rendered":"\n<div class=\"wp-block-stackable-posts stk-block-posts stk--has-container stk-block stk-9b7eea6 is-style-default\" data-v=\"2\" data-block-id=\"9b7eea6\"><style>.stk-9b7eea6 {--stk-columns:1 !important;--stk-column-gap:0px !important;}.stk-9b7eea6-container{padding-top:53px !important;padding-right:53px !important;padding-bottom:53px !important;padding-left:53px !important;}.stk-9b7eea6 .stk-img-wrapper{width:100% !important;}.stk-9b7eea6 .stk-block-posts__excerpt p{font-size:18px !important;}@media screen and (max-width: 1023px){.stk-9b7eea6 .stk-block-posts__excerpt p{font-size:18px !important;}}<\/style><div class=\"stk-inner-blocks stk-content-align stk-9b7eea6-column\"><div class=\"stk-block-posts__items\"><div class=\"stk-block-posts__item\"><div class=\"stk-container stk-9b7eea6-container stk-hover-parent\"><article><h2 class=\"stk-block-posts__title\"><a href='https:\/\/safari-lowtech-innovation.de\/?p=281'>Tiny Farms und Solawi &#8211; die Neue Agri-Kultur<\/a><\/h2><a href=\"https:\/\/safari-lowtech-innovation.de\/?p=281\" class=\"stk-block-posts__image-link\"><figure class=\"stk-img-wrapper stk-image--shape-stretch\"><img loading=\"lazy\" decoding=\"async\" width=\"916\" height=\"592\" src=\"https:\/\/safari-lowtech-innovation.de\/wp-content\/uploads\/2024\/12\/tiny3.png\" class=\"attachment-full size-full wp-post-image\" alt=\"\" srcset=\"https:\/\/safari-lowtech-innovation.de\/wp-content\/uploads\/2024\/12\/tiny3.png 916w, https:\/\/safari-lowtech-innovation.de\/wp-content\/uploads\/2024\/12\/tiny3-300x194.png 300w, https:\/\/safari-lowtech-innovation.de\/wp-content\/uploads\/2024\/12\/tiny3-768x496.png 768w\" sizes=\"auto, (max-width: 916px) 100vw, 916px\" \/><\/figure><\/a><div class=\"stk-block-posts__excerpt\"><p>Die Tiny Farms Bewegung und die Solidarische Landwirtschaft (SoLaWi) \u00fcberschneiden sich in vielen Punkten, insbesondere in ihrer Ausrichtung auf nachhaltige, lokale und gemeinschaftsorientierte Landwirtschaft. Dennoch gibt es Unterschiede in den Organisationsstrukturen und Zielsetzungen. Hier die wesentlichen Gemeinsamkeiten: Gemeinsamkeiten Regionale Produktion und kurze LieferkettenBeide Modelle f\u00f6rdern die regionale Erzeugung von Lebensmitteln, um Transportwege zu minimieren und die lokale Versorgung zu st\u00e4rken. Sie setzen auf Nachhaltigkeit und den Verzicht auf industrielle Landwirtschaft. Gemeinschaft und PartizipationSowohl Tiny Farms als auch SoLaWi legen Wert auf die Verbindung zwischen Erzeugern und Konsumenten. SoLaWi organisiert dies&hellip;<\/p>\n<\/div><a class=\"stk-block-posts__readmore\" href=\"https:\/\/safari-lowtech-innovation.de\/?p=281\">Continue Reading<\/a><\/article><\/div><\/div><div class=\"stk-block-posts__item\"><div class=\"stk-container stk-9b7eea6-container stk-hover-parent\"><article><h2 class=\"stk-block-posts__title\"><a href='https:\/\/safari-lowtech-innovation.de\/?p=279'>Robotik in der Landwirtschaft<\/a><\/h2><a href=\"https:\/\/safari-lowtech-innovation.de\/?p=279\" class=\"stk-block-posts__image-link\"><figure class=\"stk-img-wrapper stk-image--shape-stretch\"><img loading=\"lazy\" decoding=\"async\" width=\"739\" height=\"447\" src=\"https:\/\/safari-lowtech-innovation.de\/wp-content\/uploads\/2024\/12\/https-www.wessexinternet.comaboutnewsworld-s-first-5g-ready-agri-robot-comes-to-dorset-1.png\" class=\"attachment-full size-full wp-post-image\" alt=\"\" srcset=\"https:\/\/safari-lowtech-innovation.de\/wp-content\/uploads\/2024\/12\/https-www.wessexinternet.comaboutnewsworld-s-first-5g-ready-agri-robot-comes-to-dorset-1.png 739w, https:\/\/safari-lowtech-innovation.de\/wp-content\/uploads\/2024\/12\/https-www.wessexinternet.comaboutnewsworld-s-first-5g-ready-agri-robot-comes-to-dorset-1-300x181.png 300w\" sizes=\"auto, (max-width: 739px) 100vw, 739px\" \/><\/figure><\/a><div class=\"stk-block-posts__excerpt\"><p>Entwicklung von Agrirobotics Die Agrirobotics hat sich in den letzten Jahren stark weiterentwickelt, vor allem durch Fortschritte in der Automatisierung, Robotik und k\u00fcnstlichen Intelligenz. Diese Technologien zielen darauf ab, die Landwirtschaft effizienter, pr\u00e4ziser und nachhaltiger zu gestalten. Moderne Agrarroboter \u00fcbernehmen Aufgaben wie Pflanzen, Unkrautbek\u00e4mpfung, Ernte, Bodenanalyse, D\u00fcngung und Bew\u00e4sserung. Dabei bieten sie datenbasierte Entscheidungen und reduzieren den Bedarf an Arbeitskr\u00e4ften sowie Chemikalien erheblich. Zielgruppen f\u00fcr Anwendungen Agrarroboter sind f\u00fcr unterschiedliche Zielgruppen interessant: Gro\u00dfbetriebe und Plantagen: Automatisierte Erntemaschinen und Spr\u00fchdrohnen helfen bei gro\u00dffl\u00e4chigen Anwendungen. Kleinbauern: Kleinere, erschwingliche Systeme wie der &#8222;Digital&hellip;<\/p>\n<\/div><a class=\"stk-block-posts__readmore\" href=\"https:\/\/safari-lowtech-innovation.de\/?p=279\">Continue Reading<\/a><\/article><\/div><\/div><div class=\"stk-block-posts__item\"><div class=\"stk-container stk-9b7eea6-container stk-hover-parent\"><article><h2 class=\"stk-block-posts__title\"><a href='https:\/\/safari-lowtech-innovation.de\/?p=277'>Die Tiny Farms GmbH, das Startup<\/a><\/h2><a href=\"https:\/\/safari-lowtech-innovation.de\/?p=277\" class=\"stk-block-posts__image-link\"><figure class=\"stk-img-wrapper stk-image--shape-stretch\"><img loading=\"lazy\" decoding=\"async\" width=\"1325\" height=\"794\" src=\"https:\/\/safari-lowtech-innovation.de\/wp-content\/uploads\/2024\/12\/tiny.png\" class=\"attachment-full size-full wp-post-image\" alt=\"\" srcset=\"https:\/\/safari-lowtech-innovation.de\/wp-content\/uploads\/2024\/12\/tiny.png 1325w, https:\/\/safari-lowtech-innovation.de\/wp-content\/uploads\/2024\/12\/tiny-300x180.png 300w, https:\/\/safari-lowtech-innovation.de\/wp-content\/uploads\/2024\/12\/tiny-1024x614.png 1024w, https:\/\/safari-lowtech-innovation.de\/wp-content\/uploads\/2024\/12\/tiny-768x460.png 768w\" sizes=\"auto, (max-width: 1325px) 100vw, 1325px\" \/><\/figure><\/a><div class=\"stk-block-posts__excerpt\"><p>Tiny Farms ist ein Berliner Start-up, das 2020 gegr\u00fcndet wurde, um die regionale bioregionale Gem\u00fcseproduktion zu steigern und den Zugang zur Landwirtschaft f\u00fcr Neueinsteiger:innen zu erleichtern. Ihr Konzept basiert auf der Schaffung eines Netzwerks von Mikrofarmen, die auf kleinen Fl\u00e4chen biointensiven Anbau betreiben. Tiny Farms Gesch\u00e4ftsmodell und Entwicklung: Dreis\u00e4ulen-Konzept: Tiny Farms Anbau: Aufbau und Betrieb von Mikrofarmen mit Fl\u00e4chen zwischen 0,3 und 0,5 Hektar, die durch biointensiven Anbau eine hohe Produktivit\u00e4t erzielen. Kopos Projekt Tiny Farms Software: Entwicklung digitaler L\u00f6sungen zur Vernetzung und Optimierung der Farmbetriebe, um Effizienz und Skalierbarkeit&hellip;<\/p>\n<\/div><a class=\"stk-block-posts__readmore\" href=\"https:\/\/safari-lowtech-innovation.de\/?p=277\">Continue Reading<\/a><\/article><\/div><\/div><div class=\"stk-block-posts__item\"><div class=\"stk-container stk-9b7eea6-container stk-hover-parent\"><article><h2 class=\"stk-block-posts__title\"><a href='https:\/\/safari-lowtech-innovation.de\/?p=275'>Open Source Ecology Germany<\/a><\/h2><a href=\"https:\/\/safari-lowtech-innovation.de\/?p=275\" class=\"stk-block-posts__image-link\"><figure class=\"stk-img-wrapper stk-image--shape-stretch\"><img loading=\"lazy\" decoding=\"async\" width=\"484\" height=\"339\" src=\"https:\/\/safari-lowtech-innovation.de\/wp-content\/uploads\/2024\/12\/opensource.png\" class=\"attachment-full size-full wp-post-image\" alt=\"\" srcset=\"https:\/\/safari-lowtech-innovation.de\/wp-content\/uploads\/2024\/12\/opensource.png 484w, https:\/\/safari-lowtech-innovation.de\/wp-content\/uploads\/2024\/12\/opensource-300x210.png 300w\" sizes=\"auto, (max-width: 484px) 100vw, 484px\" \/><\/figure><\/a><div class=\"stk-block-posts__excerpt\"><p>Open Source Ecology Germany (OSE Germany) ist eine Bewegung, die sich auf die Entwicklung und Verbreitung nachhaltiger Open-Source-Technologien konzentriert. Hier sind die besonderen Merkmale dieser Initiative: F\u00f6rderung einer offenen \u00d6konomie: OSE Germany strebt die Schaffung einer &#8222;Open Source Economy&#8220; an, die Produktion und Verteilung optimiert, gleichzeitig die Umwelt regeneriert und soziale Gerechtigkeit f\u00f6rdert. Die Bewegung ver\u00f6ffentlicht alle technologischen Entwicklungen frei zug\u00e4nglich, von Entw\u00fcrfen bis zur Nutzung und Reparatur, was Innovation beschleunigt und f\u00fcr alle zug\u00e4nglich macht Entwicklung nachhaltiger Technologien: Die Projekte umfassen eine Vielzahl von Technologien wie Lehmziegelpressen, Solarstromsysteme, vertikale&hellip;<\/p>\n<\/div><a class=\"stk-block-posts__readmore\" href=\"https:\/\/safari-lowtech-innovation.de\/?p=275\">Continue Reading<\/a><\/article><\/div><\/div><div class=\"stk-block-posts__item\"><div class=\"stk-container stk-9b7eea6-container stk-hover-parent\"><article><h2 class=\"stk-block-posts__title\"><a href='https:\/\/safari-lowtech-innovation.de\/?p=271'>Precious Plastic &#8211; lokale Strukturen &#8211; lokale Ertr\u00e4ge<\/a><\/h2><a href=\"https:\/\/safari-lowtech-innovation.de\/?p=271\" class=\"stk-block-posts__image-link\"><figure class=\"stk-img-wrapper stk-image--shape-stretch\"><img loading=\"lazy\" decoding=\"async\" width=\"677\" height=\"399\" src=\"https:\/\/safari-lowtech-innovation.de\/wp-content\/uploads\/2024\/12\/precious.png\" class=\"attachment-full size-full wp-post-image\" alt=\"\" srcset=\"https:\/\/safari-lowtech-innovation.de\/wp-content\/uploads\/2024\/12\/precious.png 677w, https:\/\/safari-lowtech-innovation.de\/wp-content\/uploads\/2024\/12\/precious-300x177.png 300w\" sizes=\"auto, (max-width: 677px) 100vw, 677px\" \/><\/figure><\/a><div class=\"stk-block-posts__excerpt\"><p>Dies sind die Prinzipien, nach denen Precious Plastic arbeitet: 1. Dezentrale Produktionsmodelle Precious Plastic bietet offene Anleitungen und Baupl\u00e4ne f\u00fcr Maschinen, mit denen Plastik recycelt und in neue Produkte umgewandelt werden kann. Diese Maschinen sind g\u00fcnstig und einfach herzustellen, was es Einzelpersonen und kleinen Gemeinschaften erm\u00f6glicht, ihre eigene Recyclinginfrastruktur aufzubauen.. Statt einer zentralisierten Plastikindustrie, die auf gro\u00df angelegte Recyclinganlagen angewiesen ist, schafft Precious Plastic lokale &#8222;Mini-Recyclingfabriken&#8220;, die unabh\u00e4ngig funktionieren k\u00f6nnen. 2. Globale Vernetzung, lokale Umsetzung Das Projekt nutzt eine globale Online-Plattform, um Wissen zu teilen, Designs zu verbreiten und Menschen&hellip;<\/p>\n<\/div><a class=\"stk-block-posts__readmore\" href=\"https:\/\/safari-lowtech-innovation.de\/?p=271\">Continue Reading<\/a><\/article><\/div><\/div><div class=\"stk-block-posts__item\"><div class=\"stk-container stk-9b7eea6-container stk-hover-parent\"><article><h2 class=\"stk-block-posts__title\"><a href='https:\/\/safari-lowtech-innovation.de\/?p=269'>3D-Druck &#8211; Demokratisierung der Produktion<\/a><\/h2><a href=\"https:\/\/safari-lowtech-innovation.de\/?p=269\" class=\"stk-block-posts__image-link\"><figure class=\"stk-img-wrapper stk-image--shape-stretch\"><img loading=\"lazy\" decoding=\"async\" width=\"1792\" height=\"1024\" src=\"https:\/\/safari-lowtech-innovation.de\/wp-content\/uploads\/2024\/12\/ae8cab5d-2085-431c-bb43-13efa84fe4db-1.jpeg\" class=\"attachment-full size-full wp-post-image\" alt=\"\" srcset=\"https:\/\/safari-lowtech-innovation.de\/wp-content\/uploads\/2024\/12\/ae8cab5d-2085-431c-bb43-13efa84fe4db-1.jpeg 1792w, https:\/\/safari-lowtech-innovation.de\/wp-content\/uploads\/2024\/12\/ae8cab5d-2085-431c-bb43-13efa84fe4db-1-300x171.jpeg 300w, https:\/\/safari-lowtech-innovation.de\/wp-content\/uploads\/2024\/12\/ae8cab5d-2085-431c-bb43-13efa84fe4db-1-1024x585.jpeg 1024w, https:\/\/safari-lowtech-innovation.de\/wp-content\/uploads\/2024\/12\/ae8cab5d-2085-431c-bb43-13efa84fe4db-1-768x439.jpeg 768w, https:\/\/safari-lowtech-innovation.de\/wp-content\/uploads\/2024\/12\/ae8cab5d-2085-431c-bb43-13efa84fe4db-1-1536x878.jpeg 1536w\" sizes=\"auto, (max-width: 1792px) 100vw, 1792px\" \/><\/figure><\/a><div class=\"stk-block-posts__excerpt\"><p>3D-Druck als Beispiel f\u00fcr die Abl\u00f6sung gro\u00dfer Strukturen durch lokale Ans\u00e4tze 3D-Druck (Additive Fertigung) ist ein starkes Beispiel daf\u00fcr, wie kleine, lokale Strukturen \u00fcberregionale industrielle Systeme ersetzen und vereinfachen k\u00f6nnen. Hier sind die Gr\u00fcnde: 1. Dezentrale Produktion Flexibilit\u00e4t: 3D-Druck erm\u00f6glicht es, Produkte direkt vor Ort zu fertigen, was die Notwendigkeit f\u00fcr gro\u00dfe Fabriken und lange Lieferketten eliminiert. Dies reduziert Transportkosten, Lagerbedarf und Umweltbelastungen. On-Demand-Produktion: Teile oder Produkte k\u00f6nnen nur bei Bedarf gedruckt werden, wodurch \u00dcberproduktion und Abfall vermieden werden. 2. Demokratisierung der Fertigung Zugang zu Technologie: Mit erschwinglichen 3D-Druckern k\u00f6nnen&hellip;<\/p>\n<\/div><a class=\"stk-block-posts__readmore\" href=\"https:\/\/safari-lowtech-innovation.de\/?p=269\">Continue Reading<\/a><\/article><\/div><\/div><\/div><div class=\"stk-inner-blocks\"><\/div><\/div><\/div>\n","protected":false},"excerpt":{"rendered":"<p>Tiny Farms und Solawi &#8211; die Neue Agri-Kultur Die Tiny Farms Bewegung und die Solidarische Landwirtschaft (SoLaWi) \u00fcberschneiden sich in vielen Punkten, insbesondere in ihrer Ausrichtung auf nachhaltige, lokale und gemeinschaftsorientierte Landwirtschaft. Dennoch gibt es Unterschiede in den Organisationsstrukturen und Zielsetzungen. Hier die wesentlichen Gemeinsamkeiten: Gemeinsamkeiten Regionale Produktion und kurze LieferkettenBeide Modelle f\u00f6rdern die regionale Erzeugung von Lebensmitteln, um Transportwege zu minimieren und die lokale Versorgung zu&hellip;<\/p>\n","protected":false},"author":1,"featured_media":0,"parent":0,"menu_order":0,"comment_status":"closed","ping_status":"closed","template":"","meta":{"footnotes":""},"class_list":["post-964","page","type-page","status-publish","hentry"],"_links":{"self":[{"href":"https:\/\/safari-lowtech-innovation.de\/index.php?rest_route=\/wp\/v2\/pages\/964","targetHints":{"allow":["GET"]}}],"collection":[{"href":"https:\/\/safari-lowtech-innovation.de\/index.php?rest_route=\/wp\/v2\/pages"}],"about":[{"href":"https:\/\/safari-lowtech-innovation.de\/index.php?rest_route=\/wp\/v2\/types\/page"}],"author":[{"embeddable":true,"href":"https:\/\/safari-lowtech-innovation.de\/index.php?rest_route=\/wp\/v2\/users\/1"}],"replies":[{"embeddable":true,"href":"https:\/\/safari-lowtech-innovation.de\/index.php?rest_route=%2Fwp%2Fv2%2Fcomments&post=964"}],"version-history":[{"count":5,"href":"https:\/\/safari-lowtech-innovation.de\/index.php?rest_route=\/wp\/v2\/pages\/964\/revisions"}],"predecessor-version":[{"id":1190,"href":"https:\/\/safari-lowtech-innovation.de\/index.php?rest_route=\/wp\/v2\/pages\/964\/revisions\/1190"}],"wp:attachment":[{"href":"https:\/\/safari-lowtech-innovation.de\/index.php?rest_route=%2Fwp%2Fv2%2Fmedia&parent=964"}],"curies":[{"name":"wp","href":"https:\/\/api.w.org\/{rel}","templated":true}]}}