{"id":1122,"date":"2025-01-10T04:34:48","date_gmt":"2025-01-10T03:34:48","guid":{"rendered":"https:\/\/safari-lowtech-innovation.de\/?page_id=1122"},"modified":"2025-01-10T05:28:14","modified_gmt":"2025-01-10T04:28:14","slug":"safari","status":"publish","type":"page","link":"https:\/\/safari-lowtech-innovation.de\/?page_id=1122","title":{"rendered":"Wer wir sind und was wir tun"},"content":{"rendered":"\n<p>Der Lowtech Innovation Club ist eine Initiative des Safari e.V., dem Betreiber des Stadtsalon Safari.<\/p>\n\n\n\n<p>Der Stadtsalon Safari am Bismarckplatz in Wittenberge ist mehr als nur ein Veranstaltungsort, er ist ein pulsierendes Zentrum f\u00fcr Kultur, Kreativit\u00e4t und Gemeinschaft. Was ihn so besonders macht, l\u00e4sst sich am besten anhand seiner vielf\u00e4ltigen Angebote und seiner Positionierung beschreiben.<\/p>\n\n\n\n<ul class=\"wp-block-list\">\n<li><strong>Offenheit f\u00fcr alle:<\/strong> Der Stadtsalon Safari ist ein Ort, an dem sich Menschen jeden Alters und jeder Herkunft wohlf\u00fchlen. Er bietet Raum f\u00fcr Begegnungen und Austausch, unabh\u00e4ngig von sozialen oder kulturellen Hintergr\u00fcnden.<\/li>\n\n\n\n<li><strong>Vielfalt der Angebote:<\/strong> Das Programm ist so bunt gemischt wie die Menschen, die den Stadtsalon besuchen. Von Lesungen und Vortr\u00e4gen \u00fcber Workshops und Konzerte bis hin zu Erz\u00e4hlcaf\u00e9s und kreativen Projekten ist f\u00fcr jeden etwas dabei.<\/li>\n\n\n\n<li><strong>Selbstgemachte Kultur:<\/strong> Der Stadtsalon Safari ist eine Plattform f\u00fcr alle, die Kultur selbst gestalten m\u00f6chten. Hier k\u00f6nnen Ideen entstehen, Projekte verwirklicht und Netzwerke gekn\u00fcpft werden.<\/li>\n\n\n\n<li><strong>Regionale Verankerung:<\/strong> Der Stadtsalon Safari ist fest in Wittenberge verwurzelt und tr\u00e4gt zur kulturellen Vielfalt der Stadt bei. Gleichzeitig ist er ein Ort, an dem regionale und \u00fcberregionale K\u00fcnstler und Kulturschaffende zusammenkommen.<\/li>\n\n\n\n<li><strong>Nachhaltigkeit und Gemeinschaft:<\/strong> Der Stadtsalon Safari setzt sich f\u00fcr Nachhaltigkeit und eine lebendige Gemeinschaft ein. Dabei stehen Themen wie Umweltbewusstsein, soziale Gerechtigkeit und kulturelle Vielfalt im Mittelpunkt.<\/li>\n<\/ul>\n\n\n\n<p>Der Stadtsalon Safari zeigt, wie Kultur im Kleinen wirken und gro\u00dfe Ver\u00e4nderungen bewirken kann. In einer globalisierten Welt, in der oft von Standardisierung und Vereinheitlichung die Rede ist, setzt der Stadtsalon Safari auf Dezentralit\u00e4t und Vielfalt. <\/p>\n\n\n\n<div class=\"wp-block-buttons is-layout-flex wp-block-buttons-is-layout-flex\">\n<div class=\"wp-block-button\"><a class=\"wp-block-button__link wp-element-button\">Startseite<\/a><\/div>\n\n\n\n<div class=\"wp-block-button\"><a class=\"wp-block-button__link wp-element-button\">Die Stationen unserer Reise<\/a><\/div>\n\n\n\n<div class=\"wp-block-button\"><a class=\"wp-block-button__link wp-element-button\">Mehr Details<\/a><\/div>\n\n\n\n<div class=\"wp-block-button\"><a class=\"wp-block-button__link wp-element-button\">Zusammenfassung<\/a><\/div>\n<\/div>\n\n\n\n<div style=\"height:100px\" aria-hidden=\"true\" class=\"wp-block-spacer\"><\/div>\n\n\n\n<p class=\"has-medium-font-size\"><strong>Impressum:<\/strong><\/p>\n\n\n<div class=\"impressum__imprint-container\"><dl><dt>Name<\/dt><dd>Safari e.V.<\/dd><\/dl><dl><dt>Adresse<\/dt><dd>Bismarckplatz 6<br \/>\r\n19322 Wittenberge<\/dd><\/dl><dl><dt>E-Mail-Adresse<\/dt><dd><a href=\"mailto:h.schmolke@gmail.com\">h.schmolke@gmail.com<\/a><\/dd><\/dl><dl><dt>Telefon<\/dt><dd>01635112981<\/dd><\/dl><\/div>\n\n\n<p><\/p>\n","protected":false},"excerpt":{"rendered":"<p>Der Lowtech Innovation Club ist eine Initiative des Safari e.V., dem Betreiber des Stadtsalon Safari. Der Stadtsalon Safari am Bismarckplatz in Wittenberge ist mehr als nur ein Veranstaltungsort, er ist ein pulsierendes Zentrum f\u00fcr Kultur, Kreativit\u00e4t und Gemeinschaft. Was ihn so besonders macht, l\u00e4sst sich am besten anhand seiner vielf\u00e4ltigen Angebote und seiner Positionierung beschreiben. Der Stadtsalon Safari zeigt, wie Kultur im Kleinen wirken und gro\u00dfe Ver\u00e4nderungen&hellip;<\/p>\n","protected":false},"author":1,"featured_media":1126,"parent":0,"menu_order":0,"comment_status":"closed","ping_status":"closed","template":"","meta":{"footnotes":""},"class_list":["post-1122","page","type-page","status-publish","has-post-thumbnail","hentry"],"_links":{"self":[{"href":"https:\/\/safari-lowtech-innovation.de\/index.php?rest_route=\/wp\/v2\/pages\/1122","targetHints":{"allow":["GET"]}}],"collection":[{"href":"https:\/\/safari-lowtech-innovation.de\/index.php?rest_route=\/wp\/v2\/pages"}],"about":[{"href":"https:\/\/safari-lowtech-innovation.de\/index.php?rest_route=\/wp\/v2\/types\/page"}],"author":[{"embeddable":true,"href":"https:\/\/safari-lowtech-innovation.de\/index.php?rest_route=\/wp\/v2\/users\/1"}],"replies":[{"embeddable":true,"href":"https:\/\/safari-lowtech-innovation.de\/index.php?rest_route=%2Fwp%2Fv2%2Fcomments&post=1122"}],"version-history":[{"count":3,"href":"https:\/\/safari-lowtech-innovation.de\/index.php?rest_route=\/wp\/v2\/pages\/1122\/revisions"}],"predecessor-version":[{"id":1144,"href":"https:\/\/safari-lowtech-innovation.de\/index.php?rest_route=\/wp\/v2\/pages\/1122\/revisions\/1144"}],"wp:featuredmedia":[{"embeddable":true,"href":"https:\/\/safari-lowtech-innovation.de\/index.php?rest_route=\/wp\/v2\/media\/1126"}],"wp:attachment":[{"href":"https:\/\/safari-lowtech-innovation.de\/index.php?rest_route=%2Fwp%2Fv2%2Fmedia&parent=1122"}],"curies":[{"name":"wp","href":"https:\/\/api.w.org\/{rel}","templated":true}]}}