{"id":1039,"date":"2025-01-09T15:39:16","date_gmt":"2025-01-09T14:39:16","guid":{"rendered":"https:\/\/safari-lowtech-innovation.de\/?page_id=1039"},"modified":"2025-01-10T12:41:35","modified_gmt":"2025-01-10T11:41:35","slug":"zusammenfassung","status":"publish","type":"page","link":"https:\/\/safari-lowtech-innovation.de\/?page_id=1039","title":{"rendered":"Zusammenfassung &#8211; was es zu lernen gab"},"content":{"rendered":"\n<div class=\"wp-block-group\"><div class=\"wp-block-group__inner-container is-layout-constrained wp-block-group-is-layout-constrained\">\n<div class=\"wp-block-media-text is-stacked-on-mobile\" style=\"grid-template-columns:40% auto\"><figure class=\"wp-block-media-text__media\"><img decoding=\"async\" src=\"http:\/\/musikverbindet.org\/wp-content\/uploads\/2024\/12\/agrikulturfestival.png\" alt=\"\" class=\"wp-image-487 size-full\"\/><\/figure><div class=\"wp-block-media-text__content\">\n<h3 class=\"wp-block-heading has-medium-font-size\">1. Station <br>Lowtech-Ausstellung beim Agri-Kultur-Festival in Freiburg\/Breisgau<\/h3>\n\n\n\n<ul class=\"wp-block-list\">\n<li>Fast alle Investitionen in Landtechnik flie\u00dfen in Gro\u00dfanlagen mit hohen Finanzierungskosten. Nur wenig wird in die Bed\u00fcrfnisse kleiner Betriebe investiert. Lowtech ist Hilfe zur Selbsthilfe f\u00fcr Kleinbetriebe.<\/li>\n\n\n\n<li>Die Kultur im l\u00e4ndlichen Raum wird gepr\u00e4gt durch die gro\u00dfen b\u00e4uerlichen Betriebe. Wer eine andere l\u00e4ndliche Kultur will, braucht dazu Ver\u00e4nderungen in der Struktur von Landwirtschaft.<\/li>\n<\/ul>\n<\/div><\/div>\n\n\n\n<div class=\"wp-block-media-text is-stacked-on-mobile is-image-fill-element\" style=\"grid-template-columns:40% auto\"><figure class=\"wp-block-media-text__media\"><img decoding=\"async\" src=\"http:\/\/musikverbindet.org\/wp-content\/uploads\/2025\/01\/precious-p-e1735919305700.png\" alt=\"\" class=\"wp-image-628 size-full\" style=\"object-position:50% 50%\"\/><\/figure><div class=\"wp-block-media-text__content\">\n<h3 class=\"wp-block-heading has-medium-font-size\">2. Station<br>Precious Plastic \u2013 lokale Autonomie<\/h3>\n\n\n\n<ul class=\"wp-block-list\">\n<li>Wer lokale Kreisl\u00e4ufe schafft, spart Geld und l\u00e4sst es unter den eigenen Leuten zirkulieren. Die Logistik \u00fcber gro\u00dfe Distanzen ist ein starker Klimakiller und Kostentreiber.<\/li>\n\n\n\n<li>Lokale Produktion schafft Raum f\u00fcr Kreativit\u00e4t und Innovation. Das Lernen findet in der Vernetzung lokaler Unternehmen statt.<\/li>\n<\/ul>\n<\/div><\/div>\n\n\n\n<div class=\"wp-block-columns is-layout-flex wp-container-core-columns-is-layout-1 wp-block-columns-is-layout-flex\">\n<div class=\"wp-block-column is-layout-flow wp-block-column-is-layout-flow\" style=\"flex-basis:100%\">\n<div class=\"wp-block-group is-nowrap is-layout-flex wp-container-core-group-is-layout-1 wp-block-group-is-layout-flex\">\n<div class=\"wp-block-media-text is-stacked-on-mobile is-image-fill-element\" style=\"grid-template-columns:39% auto\"><figure class=\"wp-block-media-text__media\"><img decoding=\"async\" src=\"http:\/\/musikverbindet.org\/wp-content\/uploads\/2024\/12\/93fa4006-9031-424f-94a3-6b12052bf95f-e1735917976546-1024x1006.jpeg\" alt=\"\" class=\"wp-image-575 size-full\" style=\"object-position:50% 50%\"\/><\/figure><div class=\"wp-block-media-text__content\">\n<p><\/p>\n\n\n\n<h3 class=\"wp-block-heading has-medium-font-size\">3. Station<br>3D-Druck &#8211; mehr als nur Drucken<\/h3>\n\n\n\n<ul class=\"wp-block-list\">\n<li>3D-Druck ist eine Schl\u00fcsseltechnologie f\u00fcr alle Art von Regionalisierung und Dezentralisierung. Alle notwendigen G\u00fcter k\u00f6nnen (wenn n\u00f6tig) vom heimischen Computer aus gedruckt werden, an jedem beliebigen Ort. <\/li>\n\n\n\n<li>3D-Services werden zu wichtigen Entwicklungshelfern und Anwendungs-Pionieren. So wie sich komplette H\u00e4user automatisiert drucken lassen, l\u00e4sst sich auch die Arbeit auf einem Feld als eine Art von 3D-Druck-Kontrolle automatisieren.<\/li>\n<\/ul>\n<\/div><\/div>\n<\/div>\n<\/div>\n<\/div>\n\n\n\n<div class=\"wp-block-media-text is-stacked-on-mobile is-image-fill-element\" style=\"grid-template-columns:40% auto\"><figure class=\"wp-block-media-text__media\"><img loading=\"lazy\" decoding=\"async\" width=\"335\" height=\"477\" src=\"https:\/\/safari-lowtech-innovation.de\/wp-content\/uploads\/2025\/01\/open-source.png\" alt=\"\" class=\"wp-image-1036 size-full\" style=\"object-position:50% 50%\" srcset=\"https:\/\/safari-lowtech-innovation.de\/wp-content\/uploads\/2025\/01\/open-source.png 335w, https:\/\/safari-lowtech-innovation.de\/wp-content\/uploads\/2025\/01\/open-source-211x300.png 211w\" sizes=\"auto, (max-width: 335px) 100vw, 335px\" \/><\/figure><div class=\"wp-block-media-text__content\">\n<h3 class=\"wp-block-heading has-medium-font-size\">4. Station<br>Open Source Hardware &#8211; aber wof\u00fcr?<\/h3>\n\n\n\n<ul class=\"wp-block-list\">\n<li>Jeder Drucker braucht eine Anweisung f\u00fcr das, was er Drucken soll. Die Rechte an Produkten geh\u00f6ren den Herstellern und sind nicht verf\u00fcgbar. Die Open-Source-Bewegung stellt Baupl\u00e4ne f\u00fcr 3D-Drucker f\u00fcr alle Arten von Produkten zur Verf\u00fcgung, die rechtefrei sind und damit f\u00fcr alle zug\u00e4nglich.<\/li>\n\n\n\n<li>Die Bewegung lebt vom Good-Will der Entwickler und von staatlichen Geldern. Das hat zur Frustration und Entschleunigung gef\u00fchrt. Der Open Source Hardware Idee entspricht bisher kein Gesch\u00e4ftsmodell, das ein st\u00e4rkeres Wachstum erm\u00f6glichen w\u00fcrde.<\/li>\n<\/ul>\n<\/div><\/div>\n\n\n\n<div class=\"wp-block-media-text is-stacked-on-mobile is-image-fill-element\" style=\"grid-template-columns:39% auto\"><figure class=\"wp-block-media-text__media\"><img loading=\"lazy\" decoding=\"async\" width=\"559\" height=\"638\" src=\"https:\/\/safari-lowtech-innovation.de\/wp-content\/uploads\/2025\/01\/dachgarten.png\" alt=\"\" class=\"wp-image-1034 size-full\" style=\"object-position:50% 50%\" srcset=\"https:\/\/safari-lowtech-innovation.de\/wp-content\/uploads\/2025\/01\/dachgarten.png 559w, https:\/\/safari-lowtech-innovation.de\/wp-content\/uploads\/2025\/01\/dachgarten-263x300.png 263w\" sizes=\"auto, (max-width: 559px) 100vw, 559px\" \/><\/figure><div class=\"wp-block-media-text__content\">\n<h3 class=\"wp-block-heading has-medium-font-size\">5. Station<br>Tiny Farm, Solawi, Market Garden, Gartenfarm<\/h3>\n\n\n\n<ul class=\"wp-block-list\">\n<li>Diese Begriffe stehen f\u00fcr eine neue Art  von Landwirtschaft und sie stehen f\u00fcr eine neue l\u00e4ndliche Kultur. Erzeuger und Verbraucher r\u00fccken eng zusammen und kreieren ein St\u00fcck gemeinsamen Alltag.<\/li>\n\n\n\n<li>Obwohl ihre Effekte echte L\u00f6sungsalternativen f\u00fcr viele der aktuellen Probleme bieten, ist ihr Wachstum gering. Sie f\u00fchren ein Nischendasein, zur Entt\u00e4uschung vieler Aktiver und F\u00f6rderer. Es entstehen keine Strukturen, die ihre eigenen M\u00e4rkte und Gesch\u00e4ftsmodelle entwickeln k\u00f6nnten.<\/li>\n<\/ul>\n<\/div><\/div>\n\n\n\n<div class=\"wp-block-media-text is-stacked-on-mobile\" style=\"grid-template-columns:39% auto\"><figure class=\"wp-block-media-text__media\"><img loading=\"lazy\" decoding=\"async\" width=\"555\" height=\"789\" src=\"https:\/\/safari-lowtech-innovation.de\/wp-content\/uploads\/2025\/01\/tiny4.png\" alt=\"\" class=\"wp-image-1193 size-full\" srcset=\"https:\/\/safari-lowtech-innovation.de\/wp-content\/uploads\/2025\/01\/tiny4.png 555w, https:\/\/safari-lowtech-innovation.de\/wp-content\/uploads\/2025\/01\/tiny4-211x300.png 211w\" sizes=\"auto, (max-width: 555px) 100vw, 555px\" \/><\/figure><div class=\"wp-block-media-text__content\">\n<h3 class=\"wp-block-heading has-medium-font-size\">6. Station<br>Warum w\u00e4chst es nicht?<\/h3>\n\n\n\n<ul class=\"wp-block-list\">\n<li>Die Wachstums-Blockade hat zwei Namen: &#8218;Verf\u00fcgbarkeit von Fachkr\u00e4ften&#8216; und &#8218;Kosten&#8216;. Auch in der neuen Bauern-Kultur ist &#8218;Bauer&#8216; ein Beruf, der erlernt werden muss, sonst stimmen die Ertr\u00e4ge nicht. Das ist f\u00fcr viele Interessenten eine H\u00fcrde, die den Einstieg verteuert. <\/li>\n\n\n\n<li>Daf\u00fcr gibt es mittlerweile Akademien. Aber es besteht auch Knappheit an Leuten, die Bauern werden m\u00f6chten. Die Begeisterung der st\u00e4dtischen Seiteneinsteiger l\u00e4sst stark nach, wenn sie mit den wirtschaftlichen Gegebenheiten vertraut werden. Die Konkurrenz ist hart. In Spanien belaufen sich die Mindestl\u00f6hne nur auf die H\u00e4lfte von denen in Deutschland. <\/li>\n<\/ul>\n<\/div><\/div>\n\n\n\n<div class=\"wp-block-media-text is-stacked-on-mobile is-image-fill-element\" style=\"grid-template-columns:39% auto\"><figure class=\"wp-block-media-text__media\"><img decoding=\"async\" src=\"http:\/\/musikverbindet.org\/wp-content\/uploads\/2025\/01\/https-www.wessexinternet.comaboutnewsworld-s-first-5g-ready-agri-robot-comes-to-dorset-e1735918621286.png\" alt=\"\" class=\"wp-image-625 size-full\" style=\"object-position:50% 50%\"\/><\/figure><div class=\"wp-block-media-text__content\">\n<h3 class=\"wp-block-heading has-medium-font-size\">7. Station<br>Agro-Robotik<\/h3>\n\n\n\n<ul class=\"wp-block-list\">\n<li>Diese Probleme sind keine Probleme der neuen Agri-Kultur, sondern typisch f\u00fcr die gesamte Landwirtschaft. Das hat die Automatisierung bef\u00f6rdert, und damit die Konzentration von Betrieben und h\u00e4ufig ihre Zwangslage. <\/li>\n\n\n\n<li>Die Spitze dieser Entwicklung sind Agro-Roboter. Sie versprechen Kostensenkung, aber erfordern erst einmal hohe Investitionen, welche die Abh\u00e4ngigkeit der Bauern erh\u00f6hen. Dennoch sind die F\u00e4higkeiten der Roboter sehr eindrucksvoll. K\u00fcnstliche Intelligenz erm\u00f6glicht ihnen zu lernen und zu entscheiden. Aber dennoch \u2013 f\u00fcr die neue Agri-Kultur sind diese Investitionen keine Option.<\/li>\n<\/ul>\n<\/div><\/div>\n\n\n\n<div class=\"wp-block-media-text is-stacked-on-mobile is-image-fill-element\" style=\"grid-template-columns:39% auto\"><figure class=\"wp-block-media-text__media\"><img decoding=\"async\" src=\"https:\/\/musikverbindet.org\/wp-content\/uploads\/2025\/01\/farmbot23.png\" alt=\"\" class=\"wp-image-632 size-full\" style=\"object-position:50% 50%\"\/><\/figure><div class=\"wp-block-media-text__content\">\n<h3 class=\"wp-block-heading has-medium-font-size\">8. Station<br>Der Farmbot &#8211; der Lowtech-Roboter<\/h3>\n\n\n\n<ul class=\"wp-block-list\">\n<li>So haben wir den Farmbot entdeckt. Der Farmbot ist ein einfacher station\u00e4rer Roboter f\u00fcr den eigenen Gem\u00fcsegarten. Er ist in der Lage, diesen Gem\u00fcsegarten eigenst\u00e4ndig zu bepflanzen, zu pflegen, zu optimieren und zu beernten. Er ist \u00fcber einen Zeitraum von 10 Jahren immer weiter entwickelt worden und wird in mehr als 100 L\u00e4ndern eingesetzt.<\/li>\n\n\n\n<li>Der Farmbot ist komplett Open Source. Alle Pl\u00e4ne f\u00fcr DIY und 3D-Drucker sind verf\u00fcgbar. Aber es gibt ihn auch im Komplettpaket zu kaufen. Dann kostet er etwa so viel, wie er in einem Jahr an Ausgaben f\u00fcr den Supermarkt einspart. Damit erf\u00fcllt er wichtige Kriterien f\u00fcr Nachhaltigkeit: einen dauerhaften wirtschaftlichen Vorteil, attraktiv, ethisch und leicht zug\u00e4nglich.<\/li>\n<\/ul>\n<\/div><\/div>\n\n\n\n<div class=\"wp-block-media-text is-stacked-on-mobile is-vertically-aligned-center\" style=\"grid-template-columns:39% auto\"><figure class=\"wp-block-media-text__media\"><img loading=\"lazy\" decoding=\"async\" width=\"213\" height=\"341\" src=\"https:\/\/safari-lowtech-innovation.de\/wp-content\/uploads\/2025\/01\/smart-market-schlank.png\" alt=\"\" class=\"wp-image-1035 size-full\" srcset=\"https:\/\/safari-lowtech-innovation.de\/wp-content\/uploads\/2025\/01\/smart-market-schlank.png 213w, https:\/\/safari-lowtech-innovation.de\/wp-content\/uploads\/2025\/01\/smart-market-schlank-187x300.png 187w\" sizes=\"auto, (max-width: 213px) 100vw, 213px\" \/><\/figure><div class=\"wp-block-media-text__content\">\n<h3 class=\"wp-block-heading has-medium-font-size\">9. Station:<\/h3>\n\n\n\n<h3 class=\"wp-block-heading has-medium-font-size\">L\u00f6sung \u00fcber den lokalen &#8217;smarten&#8216; Markt<\/h3>\n\n\n\n<ul class=\"wp-block-list\">\n<li>In einem Netzwerk aus Farmbots lassen sich die meisten Wachstumsbremsen der neuen Agri-Kultur beseitigen. Das Fachwissen ist in der Software gespeichert, die sich einfach vervielf\u00e4ltigen l\u00e4sst. Die Investition ist gering, wie auch die laufenden Kosten. Bei professioneller Arbeitsweise sind die Einkommensm\u00f6glichkeiten attraktiv.<\/li>\n\n\n\n<li>Eine Gartenfarm in n\u00e4chster N\u00e4he eliminiert den gr\u00f6\u00dften Teil der Logistik- und Vertriebskosten, die in der Landwirtschaft gern. 80% des Verkaufspreises aufzehren. Gekr\u00f6nt wird das Netzwerk durch einen \u201asmarten Markt\u2018, \u00fcber den Produkte verkauft (lokale H\u00e4ndler), getauscht oder gespendet werden k\u00f6nnen. Dort werden Erfahrungen und Softwarel\u00f6sungen ausgetauscht, und damit professionelles Know-How.<\/li>\n<\/ul>\n<\/div><\/div>\n\n\n\n<div class=\"wp-block-media-text is-stacked-on-mobile\" style=\"grid-template-columns:39% auto\"><figure class=\"wp-block-media-text__media\"><img decoding=\"async\" src=\"http:\/\/musikverbindet.org\/wp-content\/uploads\/2024\/12\/gartenfarmen2.png\" alt=\"\" class=\"wp-image-477 size-full\"\/><\/figure><div class=\"wp-block-media-text__content\">\n<h3 class=\"wp-block-heading has-medium-font-size\">Die neue Reise 2025 bis 2027:<br>100 Gartenfarmen f\u00fcr die Prignitz<\/h3>\n\n\n\n<ul class=\"wp-block-list\">\n<li>Das Programm f\u00fcr 2025 soll sein <strong>\u201a100 Gartenfarmen f\u00fcr die Prignitz\u2018<\/strong>. Wir wollen dies zu einem LAGA-Projekt 2027 machen und die Dynamik nutzen, Dinge zu realisieren, die sonst nur schwer genug Aufmerksamkeit und Mittel bekommen.<\/li>\n\n\n\n<li>Wir wollen dabei mit anderen Initiativgruppen zusammenarbeiten und uns in das bestehende Programm der Stadt eingliedern, um die LAGA zu bereichern. Der Plan ist, eine kritische Masse von Gartenfarmen zu erzielen, durch die es ein selbsttragendes wirtschaftliches Erfolgsmodell werden kann.<\/li>\n\n\n\n<li>100 neue &#8218;Bauern&#8216; und neue lokale M\u00e4rkte ver\u00e4ndern die l\u00e4ndliche Kultur.<\/li>\n<\/ul>\n<\/div><\/div>\n<\/div><\/div>\n","protected":false},"excerpt":{"rendered":"","protected":false},"author":1,"featured_media":1106,"parent":0,"menu_order":0,"comment_status":"closed","ping_status":"closed","template":"","meta":{"footnotes":""},"class_list":["post-1039","page","type-page","status-publish","has-post-thumbnail","hentry"],"_links":{"self":[{"href":"https:\/\/safari-lowtech-innovation.de\/index.php?rest_route=\/wp\/v2\/pages\/1039","targetHints":{"allow":["GET"]}}],"collection":[{"href":"https:\/\/safari-lowtech-innovation.de\/index.php?rest_route=\/wp\/v2\/pages"}],"about":[{"href":"https:\/\/safari-lowtech-innovation.de\/index.php?rest_route=\/wp\/v2\/types\/page"}],"author":[{"embeddable":true,"href":"https:\/\/safari-lowtech-innovation.de\/index.php?rest_route=\/wp\/v2\/users\/1"}],"replies":[{"embeddable":true,"href":"https:\/\/safari-lowtech-innovation.de\/index.php?rest_route=%2Fwp%2Fv2%2Fcomments&post=1039"}],"version-history":[{"count":2,"href":"https:\/\/safari-lowtech-innovation.de\/index.php?rest_route=\/wp\/v2\/pages\/1039\/revisions"}],"predecessor-version":[{"id":1058,"href":"https:\/\/safari-lowtech-innovation.de\/index.php?rest_route=\/wp\/v2\/pages\/1039\/revisions\/1058"}],"wp:featuredmedia":[{"embeddable":true,"href":"https:\/\/safari-lowtech-innovation.de\/index.php?rest_route=\/wp\/v2\/media\/1106"}],"wp:attachment":[{"href":"https:\/\/safari-lowtech-innovation.de\/index.php?rest_route=%2Fwp%2Fv2%2Fmedia&parent=1039"}],"curies":[{"name":"wp","href":"https:\/\/api.w.org\/{rel}","templated":true}]}}